{"id":4486,"date":"2018-12-28T19:49:13","date_gmt":"2018-12-28T18:49:13","guid":{"rendered":"https:\/\/majestic-alsace.net\/mentions-legales\/"},"modified":"2024-08-02T09:30:06","modified_gmt":"2024-08-02T07:30:06","slug":"mentions-legales","status":"publish","type":"page","link":"https:\/\/majestic-alsace.net\/en\/mentions-legales\/","title":{"rendered":"Mentions l\u00e9gales"},"content":{"rendered":"<p><strong>HOTEL MAJESTIC ALSACE \u2013 Mentions L\u00e9gales<\/strong><\/p>\n<p>Identification de l\u2019\u00e9diteur du site<\/p>\n<p>soci\u00e9t\u00e9 par actions simplifi\u00e9e, immatricul\u00e9e sous le SIREN 521850313. Localis\u00e9e \u00e0 NIEDERBRONN-LES-BAINS (67110), elle est sp\u00e9cialis\u00e9e dans le secteur d&#8217;activit\u00e9 des h\u00f4tels et h\u00e9bergement similaire<br \/>\nAdresse postale et si\u00e8ge social: Domicili\u00e9e \u00e0 NIEDERBRONN-LES-BAINS\u00a0(67110),<br \/>\nT\u00e9l\u00e9phone : (+33) 03 88 86 11 86<br \/>\nAdresse \u00e9lectronique (Courriel): majesticalsace@orange.fr<\/p>\n<p>Code APE: 5510Z<br \/>\nCapital social: 30 000 \u20ac<\/p>\n<p>Directeur de la publication, responsable l\u00e9gal: Alain MESSAI<br \/>\nCr\u00e9dits<br \/>\nR\u00e9alisation du site &amp; H\u00e9bergement<br \/>\nSoci\u00e9t\u00e9: Weba Prod SARL<br \/>\nAdresse web:\u00a0<a href=\"http:\/\/webaprod.com\/\">www.webaprod.com<\/a><br \/>\nAdresse Postale: 54 rue Georges Bernanos 67200 Strasbourg<br \/>\nT\u00e9l\u00e9phone: 03.69.57.47.94<\/p>\n<p>H\u00e9bergement du site<br \/>\nCe site est h\u00e9berg\u00e9 en France chez 1&amp;1 Internet SARL 7, place de la Gare BP 70109 \u2013 57201 Sarreguemines Cedex \u2013 T\u00e9l: 0970 808 911<\/p>\n<p>Photos: HOTEL MAJESTIC ALSACE<\/p>\n<p>En choisissant d\u2019acc\u00e9der au site, l\u2019utilisateur accepte, express\u00e9ment et irr\u00e9vocablement, les termes ci-apr\u00e8s.<br \/>\nDroits d\u2019auteur \u2013 Copyright<br \/>\nL\u2019ensemble de ce site rel\u00e8ve de la l\u00e9gislation fran\u00e7aise et internationale sur le droit d\u2019auteur et la propri\u00e9t\u00e9 intellectuelle.<\/p>\n<p>Les photographies, textes, slogans, dessins, images, s\u00e9quences anim\u00e9es sonores ou non ainsi que toutes \u0153uvres int\u00e9gr\u00e9es dans le site sont la propri\u00e9t\u00e9 de la soci\u00e9t\u00e9 L\u2019H\u00f4tel MAJESTIC ALSACE ou de tiers ayant autoris\u00e9 L\u2019H\u00f4tel MAJESTIC ALSACE \u00e0 les utiliser. Les logos, ic\u00f4nes et puces graphiques repr\u00e9sent\u00e9s sur le site sont prot\u00e9g\u00e9s au titre des droits d\u2019auteur et des articles L.511.1 et suivants du Code de la propri\u00e9t\u00e9 intellectuelle relatifs \u00e0 la protection des mod\u00e8les d\u00e9pos\u00e9s.<\/p>\n<p>Tous les droits de reproduction sont r\u00e9serv\u00e9s et strictement limit\u00e9s, y compris pour les documents t\u00e9l\u00e9chargeables et les repr\u00e9sentations iconographiques et photographiques.<br \/>\nLes marques cit\u00e9es sur ce site sont d\u00e9pos\u00e9es par les soci\u00e9t\u00e9s qui en sont propri\u00e9taires.<\/p>\n<p>Toute utilisation non autoris\u00e9e de tout ou partie de ces droits par des tiers est susceptible de donner lieu \u00e0 des poursuites judiciaires.<br \/>\nContenu du site<br \/>\nLes renseignements qui apparaissent sur parchotel.net ont fournis \u00e0 titre de renseignements g\u00e9n\u00e9raux. Les informations et illustrations ne sont pas contractuelles et n\u2019engagent pas la responsabilit\u00e9 de L\u2019H\u00f4tel MAJESTIC ALSACE vis-\u00e0-vis du lecteur pour les cons\u00e9quences de l\u2019utilisation qu\u2019il pourrait en faire pour lui-m\u00eame ou pour le compte ou \u00e0 destination de tiers. Elles ne peuvent \u00eatre utilis\u00e9es pour contredire une quelconque disposition contractuelle existante ou \u00e0 venir entre L\u2019H\u00f4tel MAJESTIC ALSACE et l\u2019utilisateur.<\/p>\n<p>L\u2019H\u00f4tel MAJESTIC ALSACE d\u00e9cline toute responsabilit\u00e9 en cas de retard de mise \u00e0 jour, d\u2019erreur ou d\u2019omission quant au contenu des pr\u00e9sentes pages, de m\u00eame qu\u2019en cas d\u2019interruption ou d\u2019indisponibilit\u00e9 permanente ou temporaire du service. M\u00eame si\u00a0 L\u2019H\u00f4tel MAJESTIC ALSACE fait tout son possible pour veiller \u00e0 l\u2019exactitude et la v\u00e9racit\u00e9 des renseignements contenus dans parc.net. L\u2019H\u00f4tel MAJESTIC ALSACE ne peut aucunement \u00eatre tenu responsable de tout pr\u00e9judice pouvant \u00eatre caus\u00e9 par l\u2019utilisation de ce site.<\/p>\n<p>L\u2019H\u00f4tel MAJESTIC ALSACE se r\u00e9serve le droit de corriger, \u00e0 tout moment et sans pr\u00e9avis, le contenu de ce site.<\/p>\n<p>Les reproductions, sur un support papier ou informatique, dudit site et des \u0153uvres qui y sont reproduits sont autoris\u00e9s sous r\u00e9serve qu\u2019elles soient strictement r\u00e9serv\u00e9es \u00e0 un usage personnel et priv\u00e9. Cela exclut tout usage \u00e0 des fins publicitaires et\/ou commerciales, et\/ou d\u2019information et\/ou qu\u2019elles soient conformes aux dispositions de l\u2019article L.122-5 du Code de la propri\u00e9t\u00e9 intellectuelle.<\/p>\n<p>Toute reproduction, repr\u00e9sentation, utilisation ou modification, par quelque proc\u00e9d\u00e9 que ce soit et sur quelque support que ce soit, de tout ou partie du site, de tout ou partie des diff\u00e9rents \u0153uvres qui le composent, sans avoir obtenu l\u2019autorisation pr\u00e9alable du directeur de la publication est strictement interdite, constitue un d\u00e9lit de contrefa\u00e7on et peut donner suite \u00e0 des poursuites judiciaires civiles et\/ou p\u00e9nales, ainsi qu\u2019au paiement de dommages et int\u00e9r\u00eats.<br \/>\nAcc\u00e8s au site<br \/>\nL\u2019utilisateur du site www.majesticalsace.net\u00a0 reconnait disposer de la comp\u00e9tence et des moyens n\u00e9cessaires pour acc\u00e9der et utiliser ce site.<\/p>\n<p>L\u2019H\u00f4tel MAJESTIC ALSACE ne saurait \u00eatre tenu responsable des \u00e9l\u00e9ments et \u00e9v\u00e8nements en dehors de son contr\u00f4le li\u00e9s \u00e0 l\u2019utilisation du site et de leurs effets ou des incompatibilit\u00e9s mat\u00e9rielles et\/ou logicielles et des dommages qui pourraient \u00e9ventuellement en r\u00e9sulter pour l\u2019environnement<br \/>\ntechnique de l\u2019utilisateur, notamment pour ses ordinateurs, logiciels, \u00e9quipements r\u00e9seaux et tout autre mat\u00e9riel utilis\u00e9 pour acc\u00e9der ou utiliser le service et\/ou les informations.<\/p>\n<p>Il est rappel\u00e9 que le fait d\u2019acc\u00e9der ou de se maintenir frauduleusement dans un syst\u00e8me informatique, d\u2019entraver ou de fausser le fonctionnement, d\u2019introduire ou de modifier frauduleusement des donn\u00e9es d\u2019un tel syst\u00e8me constitue un d\u00e9lit passible de sanctions p\u00e9nales.<br \/>\nLiens Hypertextes<br \/>\nLe site www.majesticalsace.net\u00a0 autorise la mise en place d\u2019un lien hypertexte portant vers son contenu, sous r\u00e9serve :<br \/>\n\u2013 d\u2019autorisation du directeur de la publication du site www.majesticalsace.net<br \/>\n\u2013 de ne pas utiliser la technique du lien profond (\u00ab deep linking \u00bb), c\u2019est-\u00e0-dire que les pages du site parc.net ne doivent pas \u00eatre imbriqu\u00e9es \u00e0 l\u2019int\u00e9rieur des pages d\u2019un autre site, mais accessibles par l\u2019ouverture d\u2019une fen\u00eatre d\u00e9di\u00e9e<br \/>\n\u2013 de mentionner la source qui pointera gr\u00e2ce \u00e0 un lien hypertexte directement sur le contenu vis\u00e9.<br \/>\nToute utilisation \u00e0 des fins commerciales ou publicitaires est exclue \u00e0 l\u2019exception des dispositions pr\u00e9vues.<br \/>\nCette autorisation ne s\u2019applique pas aux sites Internet diffusant des informations \u00e0 caract\u00e8re pol\u00e9mique, pornographique, x\u00e9nophobe ou pouvant, dans une large mesure, porter atteinte \u00e0 la sensibilit\u00e9 du plus grand nombre.<\/p>\n<p>L\u2019H\u00f4tel MAJESTIC ALSACE d\u00e9cline toute responsabilit\u00e9 quant au contenu des sites propos\u00e9s en liens, quelque soit le type de lien \u00e9tabli \u00e0 partir, ou vers parc.net. L\u2019H\u00f4tel Restaurant du parc sarl se r\u00e9serve le droit de s\u2019opposer \u00e0 son \u00e9tablissement.<br \/>\nInformations collect\u00e9es sur le site<br \/>\nToutes les donn\u00e9es collect\u00e9es sur ce site, par quelque moyen que ce soit, sont \u00e0 l\u2019usage r\u00e9serv\u00e9 de la soci\u00e9t\u00e9 L\u2019H\u00f4tel Restaurant du parc sarl Conform\u00e9ment \u00e0 l\u2019article 34 de la loi 78-17 Informatique et Libert\u00e9s du 6 janvier 1978, vous disposez d\u2019un droit d\u2019acc\u00e8s, de modification, de rectification et de suppression des donn\u00e9es vous concernant.<\/p>\n<p>Pour exercer ce droit, contactez-nous par e-mail \u00e0 :majesticalsaceorange.fr<br \/>\nOu, par courrier, \u00e0 l\u2019adresse : L33, rue de la R\u00e9publique<br \/>\n67110 Niederbronn Les Bains \u2013 France<\/p>\n<p>Formulaire<br \/>\nLes informations recueillies sur ce site par l\u2019interm\u00e9diaire des formulaires font l\u2019objet d\u2019un traitement informatique destin\u00e9 \u00e0 l\u2019\u00e9laboration d\u2019une proposition commerciale. Le destinataire des donn\u00e9es est : L\u2019H\u00f4tel MAJESTIC ALSACE<br \/>\nConform\u00e9ment \u00e0 la loi Informatique et Libert\u00e9s du 6 janvier 1978, vous b\u00e9n\u00e9ficiez d\u2019un droit d\u2019acc\u00e8s et de rectification aux informations qui vous concernent. Si vous souhaitez exercer ce droit et obtenir communication des informations vous concernant, contactez-nous \u00e0 l\u2019adresse ci-dessus.<br \/>\nL\u2019H\u00f4tel MAJESTIC ALSACE\u00a0 L33, rue de la R\u00e9publique 67110 Niederbronn Les Bains,<br \/>\nFRANCE<\/p>\n","protected":false},"excerpt":{"rendered":"<p>HOTEL MAJESTIC ALSACE \u2013 Mentions L\u00e9gales Identification de l\u2019\u00e9diteur du site soci\u00e9t\u00e9 par actions simplifi\u00e9e, immatricul\u00e9e sous le SIREN 521850313. Localis\u00e9e \u00e0 NIEDERBRONN-LES-BAINS (67110), elle&#8230;<\/p>\n","protected":false},"author":1,"featured_media":0,"parent":0,"menu_order":0,"comment_status":"closed","ping_status":"closed","template":"","meta":{"_seopress_robots_primary_cat":"","_seopress_titles_title":"","_seopress_titles_desc":"","_seopress_robots_index":"","footnotes":""},"class_list":["post-4486","page","type-page","status-publish","hentry"],"_links":{"self":[{"href":"https:\/\/majestic-alsace.net\/en\/wp-json\/wp\/v2\/pages\/4486","targetHints":{"allow":["GET"]}}],"collection":[{"href":"https:\/\/majestic-alsace.net\/en\/wp-json\/wp\/v2\/pages"}],"about":[{"href":"https:\/\/majestic-alsace.net\/en\/wp-json\/wp\/v2\/types\/page"}],"author":[{"embeddable":true,"href":"https:\/\/majestic-alsace.net\/en\/wp-json\/wp\/v2\/users\/1"}],"replies":[{"embeddable":true,"href":"https:\/\/majestic-alsace.net\/en\/wp-json\/wp\/v2\/comments?post=4486"}],"version-history":[{"count":2,"href":"https:\/\/majestic-alsace.net\/en\/wp-json\/wp\/v2\/pages\/4486\/revisions"}],"predecessor-version":[{"id":8409,"href":"https:\/\/majestic-alsace.net\/en\/wp-json\/wp\/v2\/pages\/4486\/revisions\/8409"}],"wp:attachment":[{"href":"https:\/\/majestic-alsace.net\/en\/wp-json\/wp\/v2\/media?parent=4486"}],"curies":[{"name":"wp","href":"https:\/\/api.w.org\/{rel}","templated":true}]}}